{"id":65,"date":"2020-02-23T20:09:33","date_gmt":"2020-02-23T20:09:33","guid":{"rendered":"http:\/\/domekuromy.pl\/?page_id=65"},"modified":"2026-01-30T11:14:34","modified_gmt":"2026-01-30T11:14:34","slug":"cena","status":"publish","type":"page","link":"http:\/\/domekuromy.pl\/index.php\/cena\/","title":{"rendered":"cena"},"content":{"rendered":"\n<p>Koszt wynajmu domku w miesi\u0105cach lipiec sierpie\u0144 za dob\u0119 to 350z\u0142.<br> <br> Pozosta\u0142e miesi\u0105ce do uzgodnienia<br> <br> W cen\u0119 wliczone s\u0105 wszystkie op\u0142aty eksploatacyjne dla 6 os\u00f3b w terminie minimum 5 d\u00f3b. <br> W przypadku wi\u0119kszej ilo\u015bci os\u00f3b lub kr\u00f3tszego terminu (poni\u017cej 5 dni) cena uzgadniana jest indywidualnie.<\/p>\n","protected":false},"excerpt":{"rendered":"<p>Koszt wynajmu domku w miesi\u0105cach lipiec sierpie\u0144 za dob\u0119 to 350z\u0142. Pozosta\u0142e miesi\u0105ce do uzgodnienia W cen\u0119 wliczone s\u0105 wszystkie op\u0142aty eksploatacyjne dla 6 os\u00f3b w terminie minimum 5 d\u00f3b. W przypadku wi\u0119kszej ilo\u015bci os\u00f3b lub kr\u00f3tszego terminu (poni\u017cej 5 dni) cena uzgadniana jest indywidualnie.<\/p>\n","protected":false},"author":1,"featured_media":0,"parent":0,"menu_order":0,"comment_status":"closed","ping_status":"closed","template":"","meta":{"footnotes":""},"class_list":["post-65","page","type-page","status-publish","czr-hentry"],"_links":{"self":[{"href":"http:\/\/domekuromy.pl\/index.php\/wp-json\/wp\/v2\/pages\/65","targetHints":{"allow":["GET"]}}],"collection":[{"href":"http:\/\/domekuromy.pl\/index.php\/wp-json\/wp\/v2\/pages"}],"about":[{"href":"http:\/\/domekuromy.pl\/index.php\/wp-json\/wp\/v2\/types\/page"}],"author":[{"embeddable":true,"href":"http:\/\/domekuromy.pl\/index.php\/wp-json\/wp\/v2\/users\/1"}],"replies":[{"embeddable":true,"href":"http:\/\/domekuromy.pl\/index.php\/wp-json\/wp\/v2\/comments?post=65"}],"version-history":[{"count":3,"href":"http:\/\/domekuromy.pl\/index.php\/wp-json\/wp\/v2\/pages\/65\/revisions"}],"predecessor-version":[{"id":77,"href":"http:\/\/domekuromy.pl\/index.php\/wp-json\/wp\/v2\/pages\/65\/revisions\/77"}],"wp:attachment":[{"href":"http:\/\/domekuromy.pl\/index.php\/wp-json\/wp\/v2\/media?parent=65"}],"curies":[{"name":"wp","href":"https:\/\/api.w.org\/{rel}","templated":true}]}}